{"id":2183,"date":"2025-09-27T16:54:31","date_gmt":"2025-09-27T14:54:31","guid":{"rendered":"https:\/\/anakovacevic.pro\/contact\/"},"modified":"2026-02-24T23:16:08","modified_gmt":"2026-02-24T22:16:08","slug":"contact","status":"publish","type":"page","link":"https:\/\/anakovacevic.pro\/en\/contact\/","title":{"rendered":"Contact"},"content":{"rendered":"\t\t<div data-elementor-type=\"wp-page\" data-elementor-id=\"2183\" class=\"elementor elementor-2183 elementor-35\" data-elementor-post-type=\"page\">\n\t\t\t\t<div class=\"elementor-element elementor-element-b13283e e-flex e-con-boxed e-con e-parent\" data-id=\"b13283e\" data-element_type=\"container\" data-e-type=\"container\" data-settings=\"{&quot;background_background&quot;:&quot;classic&quot;}\">\n\t\t\t\t\t<div class=\"e-con-inner\">\n\t\t<div class=\"elementor-element elementor-element-4a5f7b0 e-con-full e-flex e-con e-child\" data-id=\"4a5f7b0\" data-element_type=\"container\" data-e-type=\"container\">\n\t\t\t\t<div class=\"elementor-element elementor-element-d1dd167 elementor-widget elementor-widget-heading\" data-id=\"d1dd167\" data-element_type=\"widget\" data-e-type=\"widget\" data-widget_type=\"heading.default\">\n\t\t\t\t\t<h1 class=\"elementor-heading-title elementor-size-default\">Contact<\/h1>\t\t\t\t<\/div>\n\t\t\t\t<div class=\"elementor-element elementor-element-1bae889 elementor-widget elementor-widget-text-editor\" data-id=\"1bae889\" data-element_type=\"widget\" data-e-type=\"widget\" data-widget_type=\"text-editor.default\">\n\t\t\t\t\t\t\t\t\t<p>You can contact me by email or phone, or simply book an appointment for an online call or an in-person meeting.<\/p>\t\t\t\t\t\t\t\t<\/div>\n\t\t\t\t<\/div>\n\t\t\t\t\t<\/div>\n\t\t\t\t<\/div>\n\t\t<div class=\"elementor-element elementor-element-a90267e e-flex e-con-boxed e-con e-parent\" data-id=\"a90267e\" data-element_type=\"container\" data-e-type=\"container\">\n\t\t\t\t\t<div class=\"e-con-inner\">\n\t\t<div class=\"elementor-element elementor-element-49362a2 e-con-full e-flex e-con e-child\" data-id=\"49362a2\" data-element_type=\"container\" data-e-type=\"container\" data-settings=\"{&quot;background_background&quot;:&quot;classic&quot;}\">\n\t\t\t\t<div class=\"elementor-element elementor-element-dd79c43 elementor-widget elementor-widget-text-editor\" data-id=\"dd79c43\" data-element_type=\"widget\" data-e-type=\"widget\" data-widget_type=\"text-editor.default\">\n\t\t\t\t\t\t\t\t\t<p>Enjoy fast and easy appointment scheduling \u2014 just choose the date, time and location in the calendar that work best for you.<\/p>\t\t\t\t\t\t\t\t<\/div>\n\t\t<div class=\"elementor-element elementor-element-7e489ef e-con-full e-flex e-con e-child\" data-id=\"7e489ef\" data-element_type=\"container\" data-e-type=\"container\">\n\t\t<div class=\"elementor-element elementor-element-695d29f e-con-full e-flex e-con e-child\" data-id=\"695d29f\" data-element_type=\"container\" data-e-type=\"container\">\n\t\t\t\t<div class=\"elementor-element elementor-element-68f8d2d elementor-widget elementor-widget-text-editor\" data-id=\"68f8d2d\" data-element_type=\"widget\" data-e-type=\"widget\" data-widget_type=\"text-editor.default\">\n\t\t\t\t\t\t\t\t\t<p><strong>Ana Kova\u010devi\u0107<\/strong><\/p><p>Platza d.o.o.<br><a href=\"https:\/\/maps.app.goo.gl\/kBnHswx49gCFJsmeA\" target=\"_blank\" rel=\"noopener\">Milana Marjanovi\u0107a 1<\/a><br>51215 Kastav<br>OIB: 99434844018<\/p><p><a href=\"mailto:info@anakovacevic.pro\">info@anakovacevic.pro<\/a><br><a href=\"tel:+385994009972\">+385 (0)99 400 9972<\/a><\/p>\t\t\t\t\t\t\t\t<\/div>\n\t\t\t\t<div class=\"elementor-element elementor-element-e41cf30 elementor-list-item-link-inline elementor-widget__width-auto elementor-mobile-align-center elementor-icon-list--layout-traditional elementor-widget elementor-widget-global elementor-global-2167 elementor-global-1044 elementor-widget-icon-list\" data-id=\"e41cf30\" data-element_type=\"widget\" data-e-type=\"widget\" data-widget_type=\"icon-list.default\">\n\t\t\t\t\t\t\t<ul class=\"elementor-icon-list-items\">\n\t\t\t\t\t\t\t<li class=\"elementor-icon-list-item\">\n\t\t\t\t\t\t\t\t\t\t\t<a href=\"https:\/\/wa.me\/+385994009972\" target=\"_blank\" rel=\"noopener\">\n\n\t\t\t\t\t\t\t\t\t\t\t\t<span class=\"elementor-icon-list-icon\">\n\t\t\t\t\t\t\t<svg aria-hidden=\"true\" class=\"e-font-icon-svg e-fab-whatsapp\" viewBox=\"0 0 448 512\" xmlns=\"http:\/\/www.w3.org\/2000\/svg\"><path d=\"M380.9 97.1C339 55.1 283.2 32 223.9 32c-122.4 0-222 99.6-222 222 0 39.1 10.2 77.3 29.6 111L0 480l117.7-30.9c32.4 17.7 68.9 27 106.1 27h.1c122.3 0 224.1-99.6 224.1-222 0-59.3-25.2-115-67.1-157zm-157 341.6c-33.2 0-65.7-8.9-94-25.7l-6.7-4-69.8 18.3L72 359.2l-4.4-7c-18.5-29.4-28.2-63.3-28.2-98.2 0-101.7 82.8-184.5 184.6-184.5 49.3 0 95.6 19.2 130.4 54.1 34.8 34.9 56.2 81.2 56.1 130.5 0 101.8-84.9 184.6-186.6 184.6zm101.2-138.2c-5.5-2.8-32.8-16.2-37.9-18-5.1-1.9-8.8-2.8-12.5 2.8-3.7 5.6-14.3 18-17.6 21.8-3.2 3.7-6.5 4.2-12 1.4-32.6-16.3-54-29.1-75.5-66-5.7-9.8 5.7-9.1 16.3-30.3 1.8-3.7.9-6.9-.5-9.7-1.4-2.8-12.5-30.1-17.1-41.2-4.5-10.8-9.1-9.3-12.5-9.5-3.2-.2-6.9-.2-10.6-.2-3.7 0-9.7 1.4-14.8 6.9-5.1 5.6-19.4 19-19.4 46.3 0 27.3 19.9 53.7 22.6 57.4 2.8 3.7 39.1 59.7 94.8 83.8 35.2 15.2 49 16.5 66.6 13.9 10.7-1.6 32.8-13.4 37.4-26.4 4.6-13 4.6-24.1 3.2-26.4-1.3-2.5-5-3.9-10.5-6.6z\"><\/path><\/svg>\t\t\t\t\t\t<\/span>\n\t\t\t\t\t\t\t\t\t\t<span class=\"elementor-icon-list-text\">099 400 9972     <\/span>\n\t\t\t\t\t\t\t\t\t\t\t<\/a>\n\t\t\t\t\t\t\t\t\t<\/li>\n\t\t\t\t\t\t<\/ul>\n\t\t\t\t\t\t<\/div>\n\t\t<div class=\"elementor-element elementor-element-a141c74 e-con-full e-flex e-con e-child\" data-id=\"a141c74\" data-element_type=\"container\" data-e-type=\"container\" data-settings=\"{&quot;background_background&quot;:&quot;classic&quot;}\">\n\t\t\t\t<div class=\"elementor-element elementor-element-0beff1d elementor-view-default elementor-widget elementor-widget-icon\" data-id=\"0beff1d\" data-element_type=\"widget\" data-e-type=\"widget\" data-widget_type=\"icon.default\">\n\t\t\t\t\t\t\t<div class=\"elementor-icon-wrapper\">\n\t\t\t<a class=\"elementor-icon\" href=\"https:\/\/maps.app.goo.gl\/kBnHswx49gCFJsmeA\" target=\"_blank\" rel=\"noopener\">\n\t\t\t<svg aria-hidden=\"true\" class=\"e-font-icon-svg e-fas-map-marker-alt\" viewBox=\"0 0 384 512\" xmlns=\"http:\/\/www.w3.org\/2000\/svg\"><path d=\"M172.268 501.67C26.97 291.031 0 269.413 0 192 0 85.961 85.961 0 192 0s192 85.961 192 192c0 77.413-26.97 99.031-172.268 309.67-9.535 13.774-29.93 13.773-39.464 0zM192 272c44.183 0 80-35.817 80-80s-35.817-80-80-80-80 35.817-80 80 35.817 80 80 80z\"><\/path><\/svg>\t\t\t<\/a>\n\t\t<\/div>\n\t\t\t\t\t\t<\/div>\n\t\t\t\t<\/div>\n\t\t\t\t<\/div>\n\t\t<div class=\"elementor-element elementor-element-7b18ad3 e-con-full e-flex e-con e-child\" data-id=\"7b18ad3\" data-element_type=\"container\" data-e-type=\"container\">\n\t\t\t\t<div class=\"elementor-element elementor-element-b01bae2 elementor-widget elementor-widget-shortcode\" data-id=\"b01bae2\" data-element_type=\"widget\" data-e-type=\"widget\" data-widget_type=\"shortcode.default\">\n\t\t\t\t\t\t\t<div class=\"elementor-shortcode\"><div class=\"fcal_cal_wrap fcal-light-mode\">\n    <div class=\"fluent_booking_app\" data-calendar_id=\"1\"\n         data-event_id=\"2\"><\/div>\n    <\/div>\n\n<style>\n    .fcal_phone_wrapper .flag {\n        background: url(https:\/\/anakovacevic.pro\/wp-content\/plugins\/fluent-booking\/assets\/images\/flags_responsive.png) no-repeat;\n        background-size: 100%;\n    }\n<\/style>\n<\/div>\n\t\t\t\t\t\t<\/div>\n\t\t\t\t<\/div>\n\t\t\t\t<\/div>\n\t\t\t\t<\/div>\n\t\t\t\t\t<\/div>\n\t\t\t\t<\/div>\n\t\t\t\t<\/div>\n\t\t","protected":false},"excerpt":{"rendered":"<p>You can contact me by email or phone, or simply book an appointment for an online call or an in-person meeting. Enjoy fast and easy appointment scheduling \u2014 just choose the date, time and location in the calendar that work best for you. Ana Kova\u010devi\u0107 Platza d.o.o.Milana Marjanovi\u0107a 151215 KastavOIB: 99434844018 info@anakovacevic.pro+385 (0)99 400 9972 [&hellip;]<\/p>\n","protected":false},"author":1,"featured_media":0,"parent":0,"menu_order":0,"comment_status":"closed","ping_status":"closed","template":"","meta":{"_acf_changed":false,"footnotes":""},"class_list":["post-2183","page","type-page","status-publish","hentry"],"acf":[],"_links":{"self":[{"href":"https:\/\/anakovacevic.pro\/en\/wp-json\/wp\/v2\/pages\/2183","targetHints":{"allow":["GET"]}}],"collection":[{"href":"https:\/\/anakovacevic.pro\/en\/wp-json\/wp\/v2\/pages"}],"about":[{"href":"https:\/\/anakovacevic.pro\/en\/wp-json\/wp\/v2\/types\/page"}],"author":[{"embeddable":true,"href":"https:\/\/anakovacevic.pro\/en\/wp-json\/wp\/v2\/users\/1"}],"replies":[{"embeddable":true,"href":"https:\/\/anakovacevic.pro\/en\/wp-json\/wp\/v2\/comments?post=2183"}],"version-history":[{"count":5,"href":"https:\/\/anakovacevic.pro\/en\/wp-json\/wp\/v2\/pages\/2183\/revisions"}],"predecessor-version":[{"id":2270,"href":"https:\/\/anakovacevic.pro\/en\/wp-json\/wp\/v2\/pages\/2183\/revisions\/2270"}],"wp:attachment":[{"href":"https:\/\/anakovacevic.pro\/en\/wp-json\/wp\/v2\/media?parent=2183"}],"curies":[{"name":"wp","href":"https:\/\/api.w.org\/{rel}","templated":true}]}}