{"id":2210,"date":"2025-10-17T07:41:44","date_gmt":"2025-10-17T05:41:44","guid":{"rendered":"https:\/\/anakovacevic.pro\/legal-information\/"},"modified":"2026-02-24T21:11:47","modified_gmt":"2026-02-24T20:11:47","slug":"legal-information","status":"publish","type":"page","link":"https:\/\/anakovacevic.pro\/en\/legal-information\/","title":{"rendered":"Legal Information"},"content":{"rendered":"\n<h5 class=\"wp-block-heading\"><strong>Platza d.o.o.<\/strong><\/h5>\n\n<p>OIB (Tax ID): 99434844018<br\/>Company Registration Number (MBS): 040390574<\/p>\n\n<p>Business Account:<br\/>ERSTE BANK, Jadranski trg 3A, 51000 Rijeka<br\/>IBAN: HR1724020061100875517<\/p>\n\n<p><strong>Registered Seat<\/strong>:<br\/>Milana Marjanovi\u0107a 1, 51215 Kastav, Croatia<br\/>Managing Director: Ana Kova\u010devi\u0107<br\/>Share Capital: \u20ac2,650.00, fully paid.<\/p>\n\n<p>Platza Limited Liability Company is registered with the Commercial Court in Rijeka.<br\/><\/p>\n\n<p><\/p>\n","protected":false},"excerpt":{"rendered":"<p>Platza d.o.o. OIB (Tax ID): 99434844018Company Registration Number (MBS): 040390574 Business Account:ERSTE BANK, Jadranski trg 3A, 51000 RijekaIBAN: HR1724020061100875517 Registered Seat:Milana Marjanovi\u0107a 1, 51215 Kastav, CroatiaManaging Director: Ana Kova\u010devi\u0107Share Capital: \u20ac2,650.00, fully paid. Platza Limited Liability Company is registered with the Commercial Court in Rijeka.<\/p>\n","protected":false},"author":2,"featured_media":0,"parent":0,"menu_order":0,"comment_status":"closed","ping_status":"closed","template":"","meta":{"_acf_changed":false,"footnotes":""},"class_list":["post-2210","page","type-page","status-publish","hentry"],"acf":[],"_links":{"self":[{"href":"https:\/\/anakovacevic.pro\/en\/wp-json\/wp\/v2\/pages\/2210","targetHints":{"allow":["GET"]}}],"collection":[{"href":"https:\/\/anakovacevic.pro\/en\/wp-json\/wp\/v2\/pages"}],"about":[{"href":"https:\/\/anakovacevic.pro\/en\/wp-json\/wp\/v2\/types\/page"}],"author":[{"embeddable":true,"href":"https:\/\/anakovacevic.pro\/en\/wp-json\/wp\/v2\/users\/2"}],"replies":[{"embeddable":true,"href":"https:\/\/anakovacevic.pro\/en\/wp-json\/wp\/v2\/comments?post=2210"}],"version-history":[{"count":1,"href":"https:\/\/anakovacevic.pro\/en\/wp-json\/wp\/v2\/pages\/2210\/revisions"}],"predecessor-version":[{"id":2211,"href":"https:\/\/anakovacevic.pro\/en\/wp-json\/wp\/v2\/pages\/2210\/revisions\/2211"}],"wp:attachment":[{"href":"https:\/\/anakovacevic.pro\/en\/wp-json\/wp\/v2\/media?parent=2210"}],"curies":[{"name":"wp","href":"https:\/\/api.w.org\/{rel}","templated":true}]}}